{"id":20,"date":"2019-01-22T21:08:47","date_gmt":"2019-01-22T20:08:47","guid":{"rendered":"http:\/\/www.wienerjagdverein.at\/?page_id=20"},"modified":"2019-01-22T21:24:31","modified_gmt":"2019-01-22T20:24:31","slug":"startseite","status":"publish","type":"page","link":"https:\/\/www.wienerjagdverein.at\/","title":{"rendered":"Willkommen auf der Website des Wiener Jagdvereins"},"content":{"rendered":"\n<div class=\"wp-block-image\"><figure class=\"alignright is-resized\"><img loading=\"lazy\" decoding=\"async\" src=\"https:\/\/www.wienerjagdverein.at\/wp-content\/uploads\/2019\/01\/oeb_startseite_v2.jpg\" alt=\"\" class=\"wp-image-33\" width=\"363\" height=\"242\" srcset=\"https:\/\/www.wienerjagdverein.at\/wp-content\/uploads\/2019\/01\/oeb_startseite_v2.jpg 405w, https:\/\/www.wienerjagdverein.at\/wp-content\/uploads\/2019\/01\/oeb_startseite_v2-300x200.jpg 300w\" sizes=\"auto, (max-width: 363px) 100vw, 363px\" \/><\/figure><\/div>\n\n\n\n<p>Der Wiener Jagdverein ist eine Vereingung von Weidm\u00e4nnern zur F\u00f6rderung der gemeinsamen Jagdaus\u00fcbung nach jagdethischen Grunds\u00e4tzen.<\/p>\n\n\n\n<p>Der Wiener Jagdverein f\u00f6rdert die Freundschaft unter den Mitgliedern. Diese f\u00fchlen sich einer jagdlichen Tradition und der Tradition des Wiener Jagdvereins verbunden.<\/p>\n\n\n\n<p>Die Mitglieder sollen eine humanistische Grundeinstellung besitzen und f\u00fcr die Jagd und ihre Belange im Allgemeinen, sowie f\u00fcr den Verein im Besonderen Einsatzbereitschaft bekennen. Sie sind bem\u00fcht, ein offenherziges und kameradschaftliches Miteinander zu leben.<\/p>\n\n\n\n<p>Der Wiener Jagdverein ist daran interessiert, Mitglieder zu gewinnen, die ein aufrichtiges Interesse an Natur und Wild haben und bereit sind, sich auch daf\u00fcr zu engagieren.<\/p>\n","protected":false},"excerpt":{"rendered":"<p>Der Wiener Jagdverein ist eine Vereingung von Weidm\u00e4nnern zur F\u00f6rderung der gemeinsamen Jagdaus\u00fcbung nach jagdethischen Grunds\u00e4tzen. Der Wiener Jagdverein f\u00f6rdert die Freundschaft unter den Mitgliedern. Diese f\u00fchlen sich einer jagdlichen Tradition und der Tradition des Wiener Jagdvereins verbunden. Die Mitglieder sollen eine humanistische Grundeinstellung&#8230;<\/p>\n","protected":false},"author":1,"featured_media":0,"parent":0,"menu_order":0,"comment_status":"closed","ping_status":"closed","template":"","meta":{"footnotes":""},"class_list":["post-20","page","type-page","status-publish","hentry"],"_links":{"self":[{"href":"https:\/\/www.wienerjagdverein.at\/index.php?rest_route=\/wp\/v2\/pages\/20","targetHints":{"allow":["GET"]}}],"collection":[{"href":"https:\/\/www.wienerjagdverein.at\/index.php?rest_route=\/wp\/v2\/pages"}],"about":[{"href":"https:\/\/www.wienerjagdverein.at\/index.php?rest_route=\/wp\/v2\/types\/page"}],"author":[{"embeddable":true,"href":"https:\/\/www.wienerjagdverein.at\/index.php?rest_route=\/wp\/v2\/users\/1"}],"replies":[{"embeddable":true,"href":"https:\/\/www.wienerjagdverein.at\/index.php?rest_route=%2Fwp%2Fv2%2Fcomments&post=20"}],"version-history":[{"count":4,"href":"https:\/\/www.wienerjagdverein.at\/index.php?rest_route=\/wp\/v2\/pages\/20\/revisions"}],"predecessor-version":[{"id":45,"href":"https:\/\/www.wienerjagdverein.at\/index.php?rest_route=\/wp\/v2\/pages\/20\/revisions\/45"}],"wp:attachment":[{"href":"https:\/\/www.wienerjagdverein.at\/index.php?rest_route=%2Fwp%2Fv2%2Fmedia&parent=20"}],"curies":[{"name":"wp","href":"https:\/\/api.w.org\/{rel}","templated":true}]}}